{"id":47,"date":"2021-04-19T20:23:41","date_gmt":"2021-04-19T20:23:41","guid":{"rendered":"https:\/\/showerscreens.net\/?page_id=47"},"modified":"2021-04-19T20:23:41","modified_gmt":"2021-04-19T20:23:41","slug":"hakkimizda","status":"publish","type":"page","link":"https:\/\/showerscreens.net\/index.php\/hakkimizda\/","title":{"rendered":"Hakk\u0131m\u0131zda"},"content":{"rendered":"\n<p>Shower Screens 2009 y\u0131l\u0131nda Serdar G\u00fcrb\u00fcz taraf\u0131ndan kurulmu\u015ftur.Du\u015fakabin sekt\u00f6r\u00fcnde kendi imalat\u0131n\u0131 2009 y\u0131l\u0131ndan ba\u015flayarak Shower Screens olarak her t\u00fcrl\u00fc model ve \u00f6l\u00e7\u00fc,kullan\u0131m yerine g\u00f6re en iyi cins al\u00fcminyum profil,elektrostatik boya,polistren cam,temperli cam ,kaliteli fitiller ve rulman kullan\u0131larak m\u00fc\u015fteriye en iyi \u015fekilde kullan\u0131m imkan\u0131 sunmaktad\u0131r.<\/p>\n\n\n\n<p><br>Shower Screens olarak firmam\u0131z du\u015fakabin camlar\u0131na \u00f6zen g\u00f6sterir \u00f6zellikle temper camda k\u0131r\u0131lmaya kar\u015f\u0131 dayan\u0131kl\u0131 malzemeler kullan\u0131l\u0131r.\u00fcr\u00fcnlerimiz h\u0131zl\u0131 ve zaman\u0131nda m\u00fc\u015fterilerimize ula\u015ft\u0131r\u0131l\u0131r.<br>Sat\u0131\u015f sonras\u0131 montaj ve m\u00fc\u015fteri memnuniyeti bizim i\u00e7in \u00f6nemli ve de\u011ferlidir.<br>Kalite tesad\u00fcf de\u011fildir\u2026<\/p>\n","protected":false},"excerpt":{"rendered":"<p>Shower Screens 2009 y\u0131l\u0131nda Serdar G\u00fcrb\u00fcz taraf\u0131ndan kurulmu\u015ftur.Du\u015fakabin sekt\u00f6r\u00fcnde kendi imalat\u0131n\u0131 2009 y\u0131l\u0131ndan ba\u015flayarak Shower Screens olarak her t\u00fcrl\u00fc model ve \u00f6l\u00e7\u00fc,kullan\u0131m yerine g\u00f6re en iyi cins al\u00fcminyum profil,elektrostatik boya,polistren cam,temperli cam ,kaliteli fitiller ve rulman kullan\u0131larak m\u00fc\u015fteriye en iyi \u015fekilde kullan\u0131m imkan\u0131 sunmaktad\u0131r. Shower Screens olarak firmam\u0131z du\u015fakabin camlar\u0131na \u00f6zen g\u00f6sterir \u00f6zellikle temper camda&hellip; <br \/> <a class=\"read-more\" href=\"https:\/\/showerscreens.net\/index.php\/hakkimizda\/\">Devam\u0131<\/a><\/p>\n","protected":false},"author":1,"featured_media":0,"parent":0,"menu_order":0,"comment_status":"closed","ping_status":"closed","template":"","meta":{"footnotes":""},"class_list":["post-47","page","type-page","status-publish","hentry"],"_links":{"self":[{"href":"https:\/\/showerscreens.net\/index.php\/wp-json\/wp\/v2\/pages\/47","targetHints":{"allow":["GET"]}}],"collection":[{"href":"https:\/\/showerscreens.net\/index.php\/wp-json\/wp\/v2\/pages"}],"about":[{"href":"https:\/\/showerscreens.net\/index.php\/wp-json\/wp\/v2\/types\/page"}],"author":[{"embeddable":true,"href":"https:\/\/showerscreens.net\/index.php\/wp-json\/wp\/v2\/users\/1"}],"replies":[{"embeddable":true,"href":"https:\/\/showerscreens.net\/index.php\/wp-json\/wp\/v2\/comments?post=47"}],"version-history":[{"count":1,"href":"https:\/\/showerscreens.net\/index.php\/wp-json\/wp\/v2\/pages\/47\/revisions"}],"predecessor-version":[{"id":48,"href":"https:\/\/showerscreens.net\/index.php\/wp-json\/wp\/v2\/pages\/47\/revisions\/48"}],"wp:attachment":[{"href":"https:\/\/showerscreens.net\/index.php\/wp-json\/wp\/v2\/media?parent=47"}],"curies":[{"name":"wp","href":"https:\/\/api.w.org\/{rel}","templated":true}]}}