{"id":5,"date":"2021-04-17T23:06:52","date_gmt":"2021-04-17T23:06:52","guid":{"rendered":"https:\/\/showerscreens.net\/index.php\/mesmerize\/"},"modified":"2021-05-03T07:45:57","modified_gmt":"2021-05-03T07:45:57","slug":"mesmerize","status":"publish","type":"page","link":"https:\/\/showerscreens.net\/","title":{"rendered":"Front Page"},"content":{"rendered":"<div  id=\"features-10\" style=\"background-color: #ffffff;\" data-label=\"Features\" data-id=\"features-16-card-bordered\" data-export-id=\"features-16-card-bordered\" data-category=\"features\" class=\"features-16-card-bordered content-section content-section-spacing\"><div  class=\"gridContainer\"> <div  class=\"row text-center\"><div  class=\"section-title-col\" data-type=\"column\"> <h2  class=\"\">Shower Screens<\/h2> <p  class=\"lead\">Shower Screens kendi b\u00fcnyesinde yeti\u015fmi\u015f kalifiye elemanlar\u0131 ile g\u00fcler y\u00fczl\u00fc hizmetin yan\u0131 s\u0131ra KKTC pazar\u0131na da katk\u0131 sa\u011flamay\u0131 hedeflemektedir.<\/p><\/div> <\/div> <div  class=\"row spaced-cols\" data-type=\"row\"> <div  class=\"col-xs-12 col-sm-6 col-md-4\"> <div  class=\"card no-padding bordered y-move\"> <img decoding=\"async\"  class=\"face\" src=\"https:\/\/showerscreens.net\/wp-content\/uploads\/2021\/04\/cropped-IMG-20210322-WA0000.jpg\" title=\"cropped-IMG-20210322-WA0000.jpg\" alt=\"\"> <div  data-type=\"column\" class=\"col-padding-small col-padding-small-xs description-container\"> <h4  class=\"font-500\">Shower Screens<\/h4> <p  class=\"\">Y\u00fczlerce \u00e7e\u015fit du\u015fakabin i\u00e7in bizimle ileti\u015fime ge\u00e7iniz.<\/p><\/div> <div  data-type=\"column\" class=\"col-padding-small col-padding-small-xs read-more-container\"><a class=\"read-more\" href=\"https:\/\/showerscreens.net\/index.php\/iletisim\" target=\"_self\" data-cp-link=\"1\" rel=\"noopener\">\u0130leti\u015fim<\/a><\/div> <\/div><\/div> <div  class=\"col-xs-12 col-sm-6 col-md-4\"><div  class=\"card no-padding bordered y-move\"> <img decoding=\"async\"  class=\"face\" src=\"https:\/\/showerscreens.net\/wp-content\/uploads\/2021\/04\/cropped-IMG-20210322-WA0001.jpg\" title=\"cropped-IMG-20210322-WA0001.jpg\" alt=\"\"> <div  data-type=\"column\" class=\"col-padding-small col-padding-small-xs description-container\"> <h4  class=\"font-500\">Shower Screens<\/h4> <p  class=\"\">G\u00f6rsel \u00e7e\u015fitlerimizi g\u00f6rmek i\u00e7in galerimizi ziyaret edebilirsiniz.&nbsp;<\/p><\/div> <div  data-type=\"column\" class=\"col-padding-small col-padding-small-xs read-more-container\"><a class=\"read-more\" href=\"https:\/\/showerscreens.net\/index.php\/urunlerimiz\" target=\"_self\" data-cp-link=\"1\" rel=\"noopener\">\u00dcr\u00fcnlerimiz<\/a><\/div> <\/div><\/div> <div  class=\"col-xs-12 col-sm-6 col-md-4\"><div  class=\"card no-padding bordered y-move\"> <img decoding=\"async\"  class=\"face\" src=\"https:\/\/showerscreens.net\/wp-content\/uploads\/2021\/04\/cropped-IMG-20210322-WA0007.jpg\" title=\"cropped-IMG-20210322-WA0007.jpg\" alt=\"\"> <div  data-type=\"column\" class=\"col-padding-small col-padding-small-xs description-container\"> <h4  class=\"font-500\">Shower Screens<\/h4> <p  class=\"\">Hemen destek almak i\u00e7in bizi arayabilirsiniz.&nbsp;<\/p><\/div> <div  data-type=\"column\" class=\"col-padding-small col-padding-small-xs read-more-container\"><a class=\"read-more\" href=\"tel:05338575602\" target=\"_self\" data-cp-link=\"1\" rel=\"noopener\">T\u0131kla Ara<\/a><\/div> <\/div><\/div> <\/div><\/div> <\/div><div  id=\"portfolio-3\" style=\"background-color: #f5fafd;\" data-label=\"Portfolio\" data-id=\"portfolio-4\" data-export-id=\"portfolio-4\" data-category=\"portfolio\" class=\"portfolio-4 content-section content-section-spacing-top\"><div  class=\"\"> <div  class=\"row text-center\"><div  class=\"section-title-col\" data-type=\"column\"> <h2  class=\"\">Hakk\u0131m\u0131zda<\/h2> <p  class=\"lead\">Shower Screens 2009 y\u0131l\u0131nda Serdar G\u00fcrb\u00fcz taraf\u0131ndan kurulmu\u015ftur.Du\u015fakabin sekt\u00f6r\u00fcnde  kendi imalat\u0131n\u0131 2009 y\u0131l\u0131ndan ba\u015flayarak Shower Screens olarak her t\u00fcrl\u00fc model ve \u00f6l\u00e7\u00fc,kullan\u0131m yerine g\u00f6re en iyi cins al\u00fcminyum profil,elektrostatik boya,polistren cam,temperli cam ,kaliteli fitiller ve rulman kullan\u0131larak m\u00fc\u015fteriye en  iyi \u015fekilde kullan\u0131m imkan\u0131 sunmaktad\u0131r.<\/p><\/div> <\/div> <div  data-type=\"row\" class=\"row\" data-fixed=\"true\"> <div  class=\"col-xs-12 col-sm-3 no-gutter-col\"> <div  class=\"contentswap-effect\" data-hover-fx=\"portfolio-4\"> <div  class=\"initial-image\"> <img decoding=\"async\"  data-size=\"542x360\" src=\"https:\/\/showerscreens.net\/wp-content\/uploads\/2021\/04\/cropped-IMG-20210322-WA0020.jpg\"><\/div> <div  class=\"overlay bg-color1\"><\/div> <div  class=\"swap-inner col-xs-12\"> <div  class=\"row full-height-row middle-xs middle-sm\"> <div  class=\"col-xs-12 text-center content-holder\"> <a href=\"#\" target=\"_self\" rel=\"noopener\"><i  class=\"fa icon portfolio-icon fa-search big\" aria-hidden=\"true\"><\/i><\/a><\/div> <\/div><\/div> <\/div><\/div> <div  class=\"col-xs-12 col-sm-3 no-gutter-col\"><div  class=\"contentswap-effect\" data-hover-fx=\"portfolio-4\"> <div  class=\"initial-image\"> <img decoding=\"async\"  data-size=\"542x360\" src=\"https:\/\/showerscreens.net\/wp-content\/uploads\/2021\/04\/cropped-IMG-20210322-WA0006.jpg\"><\/div> <div  class=\"overlay bg-color1\"><\/div> <div  class=\"swap-inner col-xs-12\"> <div  class=\"row full-height-row middle-xs middle-sm\"> <div  class=\"col-xs-12 text-center content-holder\"> <a href=\"#\" target=\"_self\" rel=\"noopener\"><i  class=\"fa icon portfolio-icon fa-search big\" aria-hidden=\"true\"><\/i><\/a><\/div> <\/div><\/div> <\/div><\/div> <div  class=\"col-xs-12 col-sm-3 no-gutter-col\"><div  class=\"contentswap-effect\" data-hover-fx=\"portfolio-4\"> <div  class=\"initial-image\"> <img decoding=\"async\"  data-size=\"542x360\" src=\"https:\/\/showerscreens.net\/wp-content\/uploads\/2021\/04\/cropped-IMG-20210322-WA0008.jpg\"><\/div> <div  class=\"overlay bg-color1\"><\/div> <div  class=\"swap-inner col-xs-12\"> <div  class=\"row full-height-row middle-xs middle-sm\"> <div  class=\"col-xs-12 text-center content-holder\"> <a href=\"#\" target=\"_self\" rel=\"noopener\"><i  class=\"fa icon portfolio-icon fa-search big\" aria-hidden=\"true\"><\/i><\/a><\/div> <\/div><\/div> <\/div><\/div> <div  class=\"col-xs-12 col-sm-3 no-gutter-col\"><div  class=\"contentswap-effect\" data-hover-fx=\"portfolio-4\"> <div  class=\"initial-image\"> <img decoding=\"async\"  data-size=\"542x360\" src=\"https:\/\/showerscreens.net\/wp-content\/uploads\/2021\/04\/cropped-IMG-20210322-WA0007-1.jpg\"><\/div> <div  class=\"overlay bg-color1\"><\/div> <div  class=\"swap-inner col-xs-12\"> <div  class=\"row full-height-row middle-xs middle-sm\"> <div  class=\"col-xs-12 text-center content-holder\"> <a href=\"#\" target=\"_self\" rel=\"noopener\"><i  class=\"fa icon portfolio-icon fa-search big\" aria-hidden=\"true\"><\/i><\/a><\/div> <\/div><\/div> <\/div><\/div> <div  class=\"col-xs-12 col-sm-3 no-gutter-col\"><div  class=\"contentswap-effect\" data-hover-fx=\"portfolio-4\"> <div  class=\"initial-image\"> <img decoding=\"async\"  data-size=\"542x360\" src=\"https:\/\/showerscreens.net\/wp-content\/uploads\/2021\/04\/cropped-IMG-20210322-WA0009.jpg\"><\/div> <div  class=\"overlay bg-color1\"><\/div> <div  class=\"swap-inner col-xs-12\"> <div  class=\"row full-height-row middle-xs middle-sm\"> <div  class=\"col-xs-12 text-center content-holder\"> <a href=\"#\" target=\"_self\" rel=\"noopener\"><i  class=\"fa icon portfolio-icon fa-search big\" aria-hidden=\"true\"><\/i><\/a><\/div> <\/div><\/div> <\/div><\/div> <div  class=\"col-xs-12 col-sm-3 no-gutter-col\"><div  class=\"contentswap-effect\" data-hover-fx=\"portfolio-4\"> <div  class=\"initial-image\"> <img decoding=\"async\"  data-size=\"542x360\" src=\"https:\/\/showerscreens.net\/wp-content\/uploads\/2021\/04\/cropped-IMG-20210322-WA0016.jpg\"><\/div> <div  class=\"overlay bg-color1\"><\/div> <div  class=\"swap-inner col-xs-12\"> <div  class=\"row full-height-row middle-xs middle-sm\"> <div  class=\"col-xs-12 text-center content-holder\"> <a href=\"#\" target=\"_self\" rel=\"noopener\"><i  class=\"fa icon portfolio-icon fa-search big\" aria-hidden=\"true\"><\/i><\/a><\/div> <\/div><\/div> <\/div><\/div> <div  class=\"col-xs-12 col-sm-3 no-gutter-col\"><div  class=\"contentswap-effect\" data-hover-fx=\"portfolio-4\"> <div  class=\"initial-image\"> <img decoding=\"async\"  data-size=\"542x360\" src=\"https:\/\/showerscreens.net\/wp-content\/uploads\/2021\/04\/cropped-IMG-20210322-WA0024.jpg\"><\/div> <div  class=\"overlay bg-color1\"><\/div> <div  class=\"swap-inner col-xs-12\"> <div  class=\"row full-height-row middle-xs middle-sm\"> <div  class=\"col-xs-12 text-center content-holder\"> <a href=\"#\" target=\"_self\" rel=\"noopener\"><i  class=\"fa icon portfolio-icon fa-search big\" aria-hidden=\"true\"><\/i><\/a><\/div> <\/div><\/div> <\/div><\/div> <div  class=\"col-xs-12 col-sm-3 no-gutter-col\"><div  class=\"contentswap-effect\" data-hover-fx=\"portfolio-4\"> <div  class=\"initial-image\"> <img decoding=\"async\"  data-size=\"542x360\" src=\"https:\/\/showerscreens.net\/wp-content\/uploads\/2021\/04\/cropped-IMG-20210322-WA0042.jpg\"><\/div> <div  class=\"overlay bg-color1\"><\/div> <div  class=\"swap-inner col-xs-12\"> <div  class=\"row full-height-row middle-xs middle-sm\"> <div  class=\"col-xs-12 text-center content-holder\"> <a href=\"#\" target=\"_self\" rel=\"noopener\"><i  class=\"fa icon portfolio-icon fa-search big\" aria-hidden=\"true\"><\/i><\/a><\/div> <\/div><\/div> <\/div><\/div> <\/div><\/div> <\/div><div  id=\"cta-1\" data-label=\"Cta\" data-id=\"cta-blue-section\" data-export-id=\"cta-blue-section\" data-category=\"cta\" class=\"cta-blue-section content-section content-section-spacing-medium bg-color1 white-text\"><div  class=\"gridContainer\"> <div  class=\"row middle-xs\"><div  class=\"col-sm-8 space-bottom-xs\" data-type=\"column\"> <h2  class=\"\">Shower Screens Bizi Takip Edin\n<\/h2> <\/div> <div  class=\"col-sm-4 end-sm\" data-type=\"column\"><a class=\"button blue\" href=\"https:\/\/showerscreens.net\/index.php\/iletisim\" target=\"_self\" data-cp-link=\"1\" rel=\"noopener\">\u0130leti\u015fim<\/a> <\/div> <\/div><\/div> <\/div>","protected":false},"excerpt":{"rendered":"<p>Shower Screens Shower Screens kendi b\u00fcnyesinde yeti\u015fmi\u015f kalifiye elemanlar\u0131 ile g\u00fcler y\u00fczl\u00fc hizmetin yan\u0131 s\u0131ra KKTC pazar\u0131na da katk\u0131 sa\u011flamay\u0131 hedeflemektedir. Shower Screens Y\u00fczlerce \u00e7e\u015fit du\u015fakabin i\u00e7in bizimle ileti\u015fime ge\u00e7iniz. \u0130leti\u015fim Shower Screens G\u00f6rsel \u00e7e\u015fitlerimizi g\u00f6rmek i\u00e7in galerimizi ziyaret edebilirsiniz.&nbsp; \u00dcr\u00fcnlerimiz Shower Screens Hemen destek almak i\u00e7in bizi arayabilirsiniz.&nbsp; T\u0131kla Ara Hakk\u0131m\u0131zda Shower Screens 2009&hellip; <br \/> <a class=\"read-more\" href=\"https:\/\/showerscreens.net\/\">Devam\u0131<\/a><\/p>\n","protected":false},"author":1,"featured_media":0,"parent":0,"menu_order":0,"comment_status":"closed","ping_status":"closed","template":"page-templates\/homepage.php","meta":{"footnotes":""},"class_list":["post-5","page","type-page","status-publish","hentry"],"_links":{"self":[{"href":"https:\/\/showerscreens.net\/index.php\/wp-json\/wp\/v2\/pages\/5","targetHints":{"allow":["GET"]}}],"collection":[{"href":"https:\/\/showerscreens.net\/index.php\/wp-json\/wp\/v2\/pages"}],"about":[{"href":"https:\/\/showerscreens.net\/index.php\/wp-json\/wp\/v2\/types\/page"}],"author":[{"embeddable":true,"href":"https:\/\/showerscreens.net\/index.php\/wp-json\/wp\/v2\/users\/1"}],"replies":[{"embeddable":true,"href":"https:\/\/showerscreens.net\/index.php\/wp-json\/wp\/v2\/comments?post=5"}],"version-history":[{"count":5,"href":"https:\/\/showerscreens.net\/index.php\/wp-json\/wp\/v2\/pages\/5\/revisions"}],"predecessor-version":[{"id":76,"href":"https:\/\/showerscreens.net\/index.php\/wp-json\/wp\/v2\/pages\/5\/revisions\/76"}],"wp:attachment":[{"href":"https:\/\/showerscreens.net\/index.php\/wp-json\/wp\/v2\/media?parent=5"}],"curies":[{"name":"wp","href":"https:\/\/api.w.org\/{rel}","templated":true}]}}