{"id":53,"date":"2021-04-19T20:27:59","date_gmt":"2021-04-19T20:27:59","guid":{"rendered":"https:\/\/showerscreens.net\/?page_id=53"},"modified":"2021-04-19T20:27:59","modified_gmt":"2021-04-19T20:27:59","slug":"iletisim","status":"publish","type":"page","link":"https:\/\/showerscreens.net\/index.php\/iletisim\/","title":{"rendered":"\u0130leti\u015fim"},"content":{"rendered":"\n<h3 class=\"wp-block-heading\">Adres: U\u011fur Mumcu Bulvar\u0131 No: 3-4, Karakum 9935 G\u0130RNE KKTC<br><br>Telefon: <a href=\"tel:05338575602\">0533 857 56 02<\/a><\/h3>\n\n\n\n<iframe src=\"https:\/\/www.google.com\/maps\/embed?pb=!1m14!1m8!1m3!1d13019.866123347392!2d33.3409836!3d35.3316526!3m2!1i1024!2i768!4f13.1!3m3!1m2!1s0x0%3A0x1a1aadaec282ba4a!2skktc%20Girne%20Du%C5%9Fakabin%20Shower%20Screens%20Ltd.!5e0!3m2!1str!2str!4v1618863924441!5m2!1str!2str\" width=\"900\" height=\"450\" style=\"border:0;\" allowfullscreen=\"\" loading=\"lazy\"><\/iframe>\n\n\n\n<p><\/p>\n","protected":false},"excerpt":{"rendered":"<p>Adres: U\u011fur Mumcu Bulvar\u0131 No: 3-4, Karakum 9935 G\u0130RNE KKTC Telefon: 0533 857 56 02<\/p>\n","protected":false},"author":1,"featured_media":0,"parent":0,"menu_order":0,"comment_status":"closed","ping_status":"closed","template":"","meta":{"footnotes":""},"class_list":["post-53","page","type-page","status-publish","hentry"],"_links":{"self":[{"href":"https:\/\/showerscreens.net\/index.php\/wp-json\/wp\/v2\/pages\/53","targetHints":{"allow":["GET"]}}],"collection":[{"href":"https:\/\/showerscreens.net\/index.php\/wp-json\/wp\/v2\/pages"}],"about":[{"href":"https:\/\/showerscreens.net\/index.php\/wp-json\/wp\/v2\/types\/page"}],"author":[{"embeddable":true,"href":"https:\/\/showerscreens.net\/index.php\/wp-json\/wp\/v2\/users\/1"}],"replies":[{"embeddable":true,"href":"https:\/\/showerscreens.net\/index.php\/wp-json\/wp\/v2\/comments?post=53"}],"version-history":[{"count":1,"href":"https:\/\/showerscreens.net\/index.php\/wp-json\/wp\/v2\/pages\/53\/revisions"}],"predecessor-version":[{"id":54,"href":"https:\/\/showerscreens.net\/index.php\/wp-json\/wp\/v2\/pages\/53\/revisions\/54"}],"wp:attachment":[{"href":"https:\/\/showerscreens.net\/index.php\/wp-json\/wp\/v2\/media?parent=53"}],"curies":[{"name":"wp","href":"https:\/\/api.w.org\/{rel}","templated":true}]}}